{"id":243944,"date":"2023-03-24T21:44:46","date_gmt":"2023-03-24T21:44:46","guid":{"rendered":"https:\/\/changementdethermos.com\/?page_id=243944"},"modified":"2025-01-27T03:00:09","modified_gmt":"2025-01-27T03:00:09","slug":"blogue","status":"publish","type":"page","link":"https:\/\/changementdethermos.com\/en\/blogue\/","title":{"rendered":"Blog"},"content":{"rendered":"<p>[et_pb_section fb_built= \u00bb1\u2033 _builder_version= \u00bb4.14.7\u2033 use_background_color_gradient= \u00bbon \u00bb background_color_gradient_start= \u00bbrgba(10,0,0,0.59) \u00bb background_color_gradient_end= \u00bbrgba(29,38,0,0) \u00bb background_color_gradient_direction= \u00bb45deg \u00bb background_color_gradient_overlays_image= \u00bbon \u00bb background_image= \u00bbhttps:\/\/changementdethermos.com\/wp-content\/uploads\/2022\/02\/Sans-titre-2022-02-04T181848.774.png \u00bb custom_padding= \u00bb5vw|0px|5vw|0px|true|false \u00bb locked= \u00bboff \u00bb global_colors_info= \u00bb{} \u00bb][et_pb_row _builder_version= \u00bb3.25\u2033 global_colors_info= \u00bb{} \u00bb][et_pb_column type= \u00bb4_4\u2033 _builder_version= \u00bb3.25\u2033 custom_padding= \u00bb||| \u00bb global_colors_info= \u00bb{} \u00bb custom_padding__hover= \u00bb||| \u00bb][et_pb_text _builder_version= \u00bb4.14.7\u2033 text_font= \u00bb|||||||| \u00bb text_font_size= \u00bb18px \u00bb text_line_height= \u00bb2em \u00bb ul_font= \u00bb|||||||| \u00bb ol_font= \u00bb|||||||| \u00bb header_font= \u00bbLato|700||||||| \u00bb header_font_size= \u00bb60px \u00bb header_line_height= \u00bb1.2em \u00bb header_2_font= \u00bb|||||||| \u00bb header_3_font= \u00bb|||||||| \u00bb header_4_font= \u00bb|||||||| \u00bb header_5_font= \u00bb|||||||| \u00bb header_6_font= \u00bb|||||||| \u00bb text_orientation= \u00bbcenter \u00bb background_layout= \u00bbdark \u00bb max_width= \u00bb600px \u00bb module_alignment= \u00bbcenter \u00bb custom_margin= \u00bb||| \u00bb text_font_size_tablet= \u00bb \u00bb text_font_size_phone= \u00bb16px \u00bb text_font_size_last_edited= \u00bbon|phone \u00bb header_font_size_tablet= \u00bb50px \u00bb header_font_size_phone= \u00bb40px \u00bb header_font_size_last_edited= \u00bbon|phone \u00bb locked= \u00bboff \u00bb global_colors_info= \u00bb{} \u00bb]<\/p>\n<h1>Blog<\/h1>\n<p>[\/et_pb_text][\/et_pb_column][\/et_pb_row][\/et_pb_section][et_pb_section fb_built= \u00bb1\u2033 admin_label= \u00bbBlog \u00bb _builder_version= \u00bb4.14.7\u2033 _module_preset= \u00bbdefault \u00bb min_height= \u00bb650.2px \u00bb custom_padding= \u00bb54px||||| \u00bb global_colors_info= \u00bb{} \u00bb][et_pb_row _builder_version= \u00bb4.14.7\u2033 _module_preset= \u00bbdefault \u00bb global_colors_info= \u00bb{} \u00bb][et_pb_column type= \u00bb4_4\u2033 _builder_version= \u00bb4.14.7\u2033 _module_preset= \u00bbdefault \u00bb global_colors_info= \u00bb{} \u00bb][et_pb_blog fullwidth= \u00bboff \u00bb posts_number= \u00bb9\u2033 show_author= \u00bboff \u00bb show_categories= \u00bboff \u00bb _builder_version= \u00bb4.14.7\u2033 _module_preset= \u00bbdefault \u00bb header_font= \u00bbLato|700||||||| \u00bb header_text_color= \u00bb#000000\u2033 header_font_size= \u00bb16px \u00bb header_line_height= \u00bb1.3em \u00bb body_font= \u00bbLato|||||||| \u00bb meta_font= \u00bbLato|||||||| \u00bb meta_text_color= \u00bb#ed1c24\u2033 read_more_font= \u00bb|700||||||| \u00bb read_more_text_color= \u00bb#ed1c24\u2033 pagination_font= \u00bbArvo|700||on|on|||| \u00bb pagination_text_color= \u00bb#A77B51\u2033 global_colors_info= \u00bb{} \u00bb][\/et_pb_blog][et_pb_button button_url= \u00bbhttps:\/\/changementdethermos.com\/nous-contacter\/ \u00bb button_text= \u00bbMAKE A QUOTE \u00bb _builder_version= \u00bb4.14.7\u2033 custom_button= \u00bbon \u00bb button_text_size= \u00bb16px \u00bb button_bg_color= \u00bb#ed1c24\u2033 button_border_width= \u00bb0px \u00bb button_border_radius= \u00bb0px \u00bb button_letter_spacing= \u00bb2px \u00bb button_font= \u00bbLato|700||on||||| \u00bb button_icon= \u00bb$||divi||400\u2033 background_layout= \u00bbdark \u00bb custom_margin= \u00bb40px||| \u00bb custom_margin_tablet= \u00bb||90px| \u00bb custom_margin_phone= \u00bb40px||22px||| \u00bb custom_margin_last_edited= \u00bbon|tablet \u00bb custom_padding= \u00bb16px|40px|16px|40px|true|true \u00bb locked= \u00bboff \u00bb global_colors_info= \u00bb{} \u00bb button_text_size__hover_enabled= \u00bboff \u00bb button_one_text_size__hover_enabled= \u00bboff \u00bb button_two_text_size__hover_enabled= \u00bboff \u00bb button_text_color__hover_enabled= \u00bboff \u00bb button_one_text_color__hover_enabled= \u00bboff \u00bb button_two_text_color__hover_enabled= \u00bboff \u00bb button_border_width__hover_enabled= \u00bboff \u00bb button_one_border_width__hover_enabled= \u00bboff \u00bb button_two_border_width__hover_enabled= \u00bboff \u00bb button_border_color__hover_enabled= \u00bboff \u00bb button_one_border_color__hover_enabled= \u00bboff \u00bb button_two_border_color__hover_enabled= \u00bboff \u00bb button_border_radius__hover_enabled= \u00bboff \u00bb button_one_border_radius__hover_enabled= \u00bboff \u00bb button_two_border_radius__hover_enabled= \u00bboff \u00bb button_letter_spacing__hover_enabled= \u00bboff \u00bb button_one_letter_spacing__hover_enabled= \u00bboff \u00bb button_two_letter_spacing__hover_enabled= \u00bboff \u00bb button_bg_color__hover_enabled= \u00bboff \u00bb button_one_bg_color__hover_enabled= \u00bboff \u00bb button_two_bg_color__hover_enabled= \u00bboff \u00bb][\/et_pb_button][\/et_pb_column][\/et_pb_row][\/et_pb_section]<\/p>","protected":false},"excerpt":{"rendered":"<p>Blog<\/p>","protected":false},"author":2,"featured_media":0,"parent":0,"menu_order":0,"comment_status":"closed","ping_status":"closed","template":"","meta":{"_et_pb_use_builder":"on","_et_pb_old_content":"","_et_gb_content_width":"","footnotes":""},"class_list":["post-243944","page","type-page","status-publish","hentry"],"yoast_head":"<!-- This site is optimized with the Yoast SEO plugin v24.3 - https:\/\/yoast.com\/wordpress\/plugins\/seo\/ -->\n<title>Blogue - Changement de thermos inc.<\/title>\n<meta name=\"description\" content=\"D\u00e9couvrez notre blog et profitez d&#039;un contenu de qualit\u00e9, riche en informations utiles et divertissantes pour enrichir votre culture g\u00e9n\u00e9rale et vous inspirer au quotidien.\" \/>\n<meta name=\"robots\" content=\"index, follow, max-snippet:-1, max-image-preview:large, max-video-preview:-1\" \/>\n<link rel=\"canonical\" href=\"https:\/\/changementdethermos.com\/en\/blogue\/\" \/>\n<meta property=\"og:locale\" content=\"en_US\" \/>\n<meta property=\"og:type\" content=\"article\" \/>\n<meta property=\"og:title\" content=\"Blogue - Changement de thermos inc.\" \/>\n<meta property=\"og:description\" content=\"D\u00e9couvrez notre blog et profitez d&#039;un contenu de qualit\u00e9, riche en informations utiles et divertissantes pour enrichir votre culture g\u00e9n\u00e9rale et vous inspirer au quotidien.\" \/>\n<meta property=\"og:url\" content=\"https:\/\/changementdethermos.com\/en\/blogue\/\" \/>\n<meta property=\"og:site_name\" content=\"Changement de thermos inc.\" \/>\n<meta property=\"article:modified_time\" content=\"2025-01-27T03:00:09+00:00\" \/>\n<meta name=\"twitter:card\" content=\"summary_large_image\" \/>\n<script type=\"application\/ld+json\" class=\"yoast-schema-graph\">{\"@context\":\"https:\/\/schema.org\",\"@graph\":[{\"@type\":\"WebPage\",\"@id\":\"https:\/\/changementdethermos.com\/blogue\/\",\"url\":\"https:\/\/changementdethermos.com\/blogue\/\",\"name\":\"Blogue - Changement de thermos inc.\",\"isPartOf\":{\"@id\":\"https:\/\/changementdethermos.com\/#website\"},\"datePublished\":\"2023-03-24T21:44:46+00:00\",\"dateModified\":\"2025-01-27T03:00:09+00:00\",\"description\":\"D\u00e9couvrez notre blog et profitez d'un contenu de qualit\u00e9, riche en informations utiles et divertissantes pour enrichir votre culture g\u00e9n\u00e9rale et vous inspirer au quotidien.\",\"breadcrumb\":{\"@id\":\"https:\/\/changementdethermos.com\/blogue\/#breadcrumb\"},\"inLanguage\":\"en-CA\",\"potentialAction\":[{\"@type\":\"ReadAction\",\"target\":[\"https:\/\/changementdethermos.com\/blogue\/\"]}]},{\"@type\":\"BreadcrumbList\",\"@id\":\"https:\/\/changementdethermos.com\/blogue\/#breadcrumb\",\"itemListElement\":[{\"@type\":\"ListItem\",\"position\":1,\"name\":\"Home\",\"item\":\"https:\/\/changementdethermos.com\/\"},{\"@type\":\"ListItem\",\"position\":2,\"name\":\"Blogue\"}]},{\"@type\":\"WebSite\",\"@id\":\"https:\/\/changementdethermos.com\/#website\",\"url\":\"https:\/\/changementdethermos.com\/\",\"name\":\"Changement de thermos inc.\",\"description\":\"Remplacement de vitres thermos en PVC\",\"publisher\":{\"@id\":\"https:\/\/changementdethermos.com\/#organization\"},\"potentialAction\":[{\"@type\":\"SearchAction\",\"target\":{\"@type\":\"EntryPoint\",\"urlTemplate\":\"https:\/\/changementdethermos.com\/?s={search_term_string}\"},\"query-input\":{\"@type\":\"PropertyValueSpecification\",\"valueRequired\":true,\"valueName\":\"search_term_string\"}}],\"inLanguage\":\"en-CA\"},{\"@type\":\"Organization\",\"@id\":\"https:\/\/changementdethermos.com\/#organization\",\"name\":\"Changement de thermos\",\"url\":\"https:\/\/changementdethermos.com\/\",\"logo\":{\"@type\":\"ImageObject\",\"inLanguage\":\"en-CA\",\"@id\":\"https:\/\/changementdethermos.com\/#\/schema\/logo\/image\/\",\"url\":\"https:\/\/changementdethermos.com\/wp-content\/uploads\/2022\/02\/Club-nutrichoix-1.png\",\"contentUrl\":\"https:\/\/changementdethermos.com\/wp-content\/uploads\/2022\/02\/Club-nutrichoix-1.png\",\"width\":2726,\"height\":789,\"caption\":\"Changement de thermos\"},\"image\":{\"@id\":\"https:\/\/changementdethermos.com\/#\/schema\/logo\/image\/\"}}]}<\/script>\n<!-- \/ Yoast SEO plugin. -->","yoast_head_json":{"title":"Blogue - Changement de thermos inc.","description":"D\u00e9couvrez notre blog et profitez d'un contenu de qualit\u00e9, riche en informations utiles et divertissantes pour enrichir votre culture g\u00e9n\u00e9rale et vous inspirer au quotidien.","robots":{"index":"index","follow":"follow","max-snippet":"max-snippet:-1","max-image-preview":"max-image-preview:large","max-video-preview":"max-video-preview:-1"},"canonical":"https:\/\/changementdethermos.com\/en\/blogue\/","og_locale":"en_US","og_type":"article","og_title":"Blogue - Changement de thermos inc.","og_description":"D\u00e9couvrez notre blog et profitez d'un contenu de qualit\u00e9, riche en informations utiles et divertissantes pour enrichir votre culture g\u00e9n\u00e9rale et vous inspirer au quotidien.","og_url":"https:\/\/changementdethermos.com\/en\/blogue\/","og_site_name":"Changement de thermos inc.","article_modified_time":"2025-01-27T03:00:09+00:00","twitter_card":"summary_large_image","schema":{"@context":"https:\/\/schema.org","@graph":[{"@type":"WebPage","@id":"https:\/\/changementdethermos.com\/blogue\/","url":"https:\/\/changementdethermos.com\/blogue\/","name":"Blogue - Changement de thermos inc.","isPartOf":{"@id":"https:\/\/changementdethermos.com\/#website"},"datePublished":"2023-03-24T21:44:46+00:00","dateModified":"2025-01-27T03:00:09+00:00","description":"D\u00e9couvrez notre blog et profitez d'un contenu de qualit\u00e9, riche en informations utiles et divertissantes pour enrichir votre culture g\u00e9n\u00e9rale et vous inspirer au quotidien.","breadcrumb":{"@id":"https:\/\/changementdethermos.com\/blogue\/#breadcrumb"},"inLanguage":"en-CA","potentialAction":[{"@type":"ReadAction","target":["https:\/\/changementdethermos.com\/blogue\/"]}]},{"@type":"BreadcrumbList","@id":"https:\/\/changementdethermos.com\/blogue\/#breadcrumb","itemListElement":[{"@type":"ListItem","position":1,"name":"Home","item":"https:\/\/changementdethermos.com\/"},{"@type":"ListItem","position":2,"name":"Blogue"}]},{"@type":"WebSite","@id":"https:\/\/changementdethermos.com\/#website","url":"https:\/\/changementdethermos.com\/","name":"Changement de thermos inc.","description":"Remplacement de vitres thermos en PVC","publisher":{"@id":"https:\/\/changementdethermos.com\/#organization"},"potentialAction":[{"@type":"SearchAction","target":{"@type":"EntryPoint","urlTemplate":"https:\/\/changementdethermos.com\/?s={search_term_string}"},"query-input":{"@type":"PropertyValueSpecification","valueRequired":true,"valueName":"search_term_string"}}],"inLanguage":"en-CA"},{"@type":"Organization","@id":"https:\/\/changementdethermos.com\/#organization","name":"Changement de thermos","url":"https:\/\/changementdethermos.com\/","logo":{"@type":"ImageObject","inLanguage":"en-CA","@id":"https:\/\/changementdethermos.com\/#\/schema\/logo\/image\/","url":"https:\/\/changementdethermos.com\/wp-content\/uploads\/2022\/02\/Club-nutrichoix-1.png","contentUrl":"https:\/\/changementdethermos.com\/wp-content\/uploads\/2022\/02\/Club-nutrichoix-1.png","width":2726,"height":789,"caption":"Changement de thermos"},"image":{"@id":"https:\/\/changementdethermos.com\/#\/schema\/logo\/image\/"}}]}},"_links":{"self":[{"href":"https:\/\/changementdethermos.com\/en\/wp-json\/wp\/v2\/pages\/243944","targetHints":{"allow":["GET"]}}],"collection":[{"href":"https:\/\/changementdethermos.com\/en\/wp-json\/wp\/v2\/pages"}],"about":[{"href":"https:\/\/changementdethermos.com\/en\/wp-json\/wp\/v2\/types\/page"}],"author":[{"embeddable":true,"href":"https:\/\/changementdethermos.com\/en\/wp-json\/wp\/v2\/users\/2"}],"replies":[{"embeddable":true,"href":"https:\/\/changementdethermos.com\/en\/wp-json\/wp\/v2\/comments?post=243944"}],"version-history":[{"count":7,"href":"https:\/\/changementdethermos.com\/en\/wp-json\/wp\/v2\/pages\/243944\/revisions"}],"predecessor-version":[{"id":244024,"href":"https:\/\/changementdethermos.com\/en\/wp-json\/wp\/v2\/pages\/243944\/revisions\/244024"}],"wp:attachment":[{"href":"https:\/\/changementdethermos.com\/en\/wp-json\/wp\/v2\/media?parent=243944"}],"curies":[{"name":"wp","href":"https:\/\/api.w.org\/{rel}","templated":true}]}}