{"id":244103,"date":"2025-03-16T19:25:39","date_gmt":"2025-03-16T19:25:39","guid":{"rendered":"https:\/\/changementdethermos.com\/boutique\/"},"modified":"2025-03-16T19:25:39","modified_gmt":"2025-03-16T19:25:39","slug":"boutique","status":"publish","type":"page","link":"https:\/\/changementdethermos.com\/en\/boutique\/","title":{"rendered":"Shop"},"content":{"rendered":"","protected":false},"excerpt":{"rendered":"","protected":false},"author":1,"featured_media":0,"parent":0,"menu_order":0,"comment_status":"closed","ping_status":"closed","template":"","meta":{"_et_pb_use_builder":"","_et_pb_old_content":"","_et_gb_content_width":"","footnotes":""},"class_list":["post-244103","page","type-page","status-publish","hentry"],"yoast_head":"<!-- This site is optimized with the Yoast SEO plugin v24.3 - https:\/\/yoast.com\/wordpress\/plugins\/seo\/ -->\n<title>Boutique - Changement de thermos inc.<\/title>\n<meta name=\"description\" content=\"Nous sommes une entreprise sp\u00e9cialis\u00e9e dans le remplacement de vitre thermos pour fen\u00eatres r\u00e9sidentielles en PVC, en aluminium et en bois. Avec notre exp\u00e9rience de plus de 20 ans dans le domaine, nous saurons vous conseiller sur l\u2019\u00e9tat de vos thermos et de vos fen\u00eatres.\" \/>\n<meta name=\"robots\" content=\"index, follow, max-snippet:-1, max-image-preview:large, max-video-preview:-1\" \/>\n<link rel=\"canonical\" href=\"https:\/\/changementdethermos.com\/en\/boutique\/\" \/>\n<meta property=\"og:locale\" content=\"en_US\" \/>\n<meta property=\"og:type\" content=\"article\" \/>\n<meta property=\"og:title\" content=\"Boutique - Changement de thermos inc.\" \/>\n<meta property=\"og:description\" content=\"Nous sommes une entreprise sp\u00e9cialis\u00e9e dans le remplacement de vitre thermos pour fen\u00eatres r\u00e9sidentielles en PVC, en aluminium et en bois. Avec notre exp\u00e9rience de plus de 20 ans dans le domaine, nous saurons vous conseiller sur l\u2019\u00e9tat de vos thermos et de vos fen\u00eatres.\" \/>\n<meta property=\"og:url\" content=\"https:\/\/changementdethermos.com\/en\/boutique\/\" \/>\n<meta property=\"og:site_name\" content=\"Changement de thermos inc.\" \/>\n<meta name=\"twitter:card\" content=\"summary_large_image\" \/>\n<script type=\"application\/ld+json\" class=\"yoast-schema-graph\">{\"@context\":\"https:\/\/schema.org\",\"@graph\":[{\"@type\":\"WebPage\",\"@id\":\"https:\/\/changementdethermos.com\/boutique\/\",\"url\":\"https:\/\/changementdethermos.com\/boutique\/\",\"name\":\"Boutique - Changement de thermos inc.\",\"isPartOf\":{\"@id\":\"https:\/\/changementdethermos.com\/#website\"},\"datePublished\":\"2025-03-16T19:25:39+00:00\",\"dateModified\":\"2025-03-16T19:25:39+00:00\",\"description\":\"Nous sommes une entreprise sp\u00e9cialis\u00e9e dans le remplacement de vitre thermos pour fen\u00eatres r\u00e9sidentielles en PVC, en aluminium et en bois. Avec notre exp\u00e9rience de plus de 20 ans dans le domaine, nous saurons vous conseiller sur l\u2019\u00e9tat de vos thermos et de vos fen\u00eatres.\",\"breadcrumb\":{\"@id\":\"https:\/\/changementdethermos.com\/boutique\/#breadcrumb\"},\"inLanguage\":\"en-CA\",\"potentialAction\":[{\"@type\":\"ReadAction\",\"target\":[\"https:\/\/changementdethermos.com\/boutique\/\"]}]},{\"@type\":\"BreadcrumbList\",\"@id\":\"https:\/\/changementdethermos.com\/boutique\/#breadcrumb\",\"itemListElement\":[{\"@type\":\"ListItem\",\"position\":1,\"name\":\"Home\",\"item\":\"https:\/\/changementdethermos.com\/\"},{\"@type\":\"ListItem\",\"position\":2,\"name\":\"Boutique\"}]},{\"@type\":\"WebSite\",\"@id\":\"https:\/\/changementdethermos.com\/#website\",\"url\":\"https:\/\/changementdethermos.com\/\",\"name\":\"Changement de thermos inc.\",\"description\":\"Remplacement de vitres thermos en PVC\",\"publisher\":{\"@id\":\"https:\/\/changementdethermos.com\/#organization\"},\"potentialAction\":[{\"@type\":\"SearchAction\",\"target\":{\"@type\":\"EntryPoint\",\"urlTemplate\":\"https:\/\/changementdethermos.com\/?s={search_term_string}\"},\"query-input\":{\"@type\":\"PropertyValueSpecification\",\"valueRequired\":true,\"valueName\":\"search_term_string\"}}],\"inLanguage\":\"en-CA\"},{\"@type\":\"Organization\",\"@id\":\"https:\/\/changementdethermos.com\/#organization\",\"name\":\"Changement de thermos\",\"url\":\"https:\/\/changementdethermos.com\/\",\"logo\":{\"@type\":\"ImageObject\",\"inLanguage\":\"en-CA\",\"@id\":\"https:\/\/changementdethermos.com\/#\/schema\/logo\/image\/\",\"url\":\"https:\/\/changementdethermos.com\/wp-content\/uploads\/2022\/02\/Club-nutrichoix-1.png\",\"contentUrl\":\"https:\/\/changementdethermos.com\/wp-content\/uploads\/2022\/02\/Club-nutrichoix-1.png\",\"width\":2726,\"height\":789,\"caption\":\"Changement de thermos\"},\"image\":{\"@id\":\"https:\/\/changementdethermos.com\/#\/schema\/logo\/image\/\"}}]}<\/script>\n<!-- \/ Yoast SEO plugin. -->","yoast_head_json":{"title":"Boutique - Changement de thermos inc.","description":"Nous sommes une entreprise sp\u00e9cialis\u00e9e dans le remplacement de vitre thermos pour fen\u00eatres r\u00e9sidentielles en PVC, en aluminium et en bois. Avec notre exp\u00e9rience de plus de 20 ans dans le domaine, nous saurons vous conseiller sur l\u2019\u00e9tat de vos thermos et de vos fen\u00eatres.","robots":{"index":"index","follow":"follow","max-snippet":"max-snippet:-1","max-image-preview":"max-image-preview:large","max-video-preview":"max-video-preview:-1"},"canonical":"https:\/\/changementdethermos.com\/en\/boutique\/","og_locale":"en_US","og_type":"article","og_title":"Boutique - Changement de thermos inc.","og_description":"Nous sommes une entreprise sp\u00e9cialis\u00e9e dans le remplacement de vitre thermos pour fen\u00eatres r\u00e9sidentielles en PVC, en aluminium et en bois. Avec notre exp\u00e9rience de plus de 20 ans dans le domaine, nous saurons vous conseiller sur l\u2019\u00e9tat de vos thermos et de vos fen\u00eatres.","og_url":"https:\/\/changementdethermos.com\/en\/boutique\/","og_site_name":"Changement de thermos inc.","twitter_card":"summary_large_image","schema":{"@context":"https:\/\/schema.org","@graph":[{"@type":"WebPage","@id":"https:\/\/changementdethermos.com\/boutique\/","url":"https:\/\/changementdethermos.com\/boutique\/","name":"Boutique - Changement de thermos inc.","isPartOf":{"@id":"https:\/\/changementdethermos.com\/#website"},"datePublished":"2025-03-16T19:25:39+00:00","dateModified":"2025-03-16T19:25:39+00:00","description":"Nous sommes une entreprise sp\u00e9cialis\u00e9e dans le remplacement de vitre thermos pour fen\u00eatres r\u00e9sidentielles en PVC, en aluminium et en bois. Avec notre exp\u00e9rience de plus de 20 ans dans le domaine, nous saurons vous conseiller sur l\u2019\u00e9tat de vos thermos et de vos fen\u00eatres.","breadcrumb":{"@id":"https:\/\/changementdethermos.com\/boutique\/#breadcrumb"},"inLanguage":"en-CA","potentialAction":[{"@type":"ReadAction","target":["https:\/\/changementdethermos.com\/boutique\/"]}]},{"@type":"BreadcrumbList","@id":"https:\/\/changementdethermos.com\/boutique\/#breadcrumb","itemListElement":[{"@type":"ListItem","position":1,"name":"Home","item":"https:\/\/changementdethermos.com\/"},{"@type":"ListItem","position":2,"name":"Boutique"}]},{"@type":"WebSite","@id":"https:\/\/changementdethermos.com\/#website","url":"https:\/\/changementdethermos.com\/","name":"Changement de thermos inc.","description":"Remplacement de vitres thermos en PVC","publisher":{"@id":"https:\/\/changementdethermos.com\/#organization"},"potentialAction":[{"@type":"SearchAction","target":{"@type":"EntryPoint","urlTemplate":"https:\/\/changementdethermos.com\/?s={search_term_string}"},"query-input":{"@type":"PropertyValueSpecification","valueRequired":true,"valueName":"search_term_string"}}],"inLanguage":"en-CA"},{"@type":"Organization","@id":"https:\/\/changementdethermos.com\/#organization","name":"Changement de thermos","url":"https:\/\/changementdethermos.com\/","logo":{"@type":"ImageObject","inLanguage":"en-CA","@id":"https:\/\/changementdethermos.com\/#\/schema\/logo\/image\/","url":"https:\/\/changementdethermos.com\/wp-content\/uploads\/2022\/02\/Club-nutrichoix-1.png","contentUrl":"https:\/\/changementdethermos.com\/wp-content\/uploads\/2022\/02\/Club-nutrichoix-1.png","width":2726,"height":789,"caption":"Changement de thermos"},"image":{"@id":"https:\/\/changementdethermos.com\/#\/schema\/logo\/image\/"}}]}},"_links":{"self":[{"href":"https:\/\/changementdethermos.com\/en\/wp-json\/wp\/v2\/pages\/244103","targetHints":{"allow":["GET"]}}],"collection":[{"href":"https:\/\/changementdethermos.com\/en\/wp-json\/wp\/v2\/pages"}],"about":[{"href":"https:\/\/changementdethermos.com\/en\/wp-json\/wp\/v2\/types\/page"}],"author":[{"embeddable":true,"href":"https:\/\/changementdethermos.com\/en\/wp-json\/wp\/v2\/users\/1"}],"replies":[{"embeddable":true,"href":"https:\/\/changementdethermos.com\/en\/wp-json\/wp\/v2\/comments?post=244103"}],"version-history":[{"count":0,"href":"https:\/\/changementdethermos.com\/en\/wp-json\/wp\/v2\/pages\/244103\/revisions"}],"wp:attachment":[{"href":"https:\/\/changementdethermos.com\/en\/wp-json\/wp\/v2\/media?parent=244103"}],"curies":[{"name":"wp","href":"https:\/\/api.w.org\/{rel}","templated":true}]}}